{"id":333,"date":"2024-01-22T17:20:20","date_gmt":"2024-01-22T22:20:20","guid":{"rendered":"https:\/\/tiendaluzy.biz\/?post_type=product&#038;p=333"},"modified":"2024-02-03T14:07:13","modified_gmt":"2024-02-03T19:07:13","slug":"exclusivos-aretes-3","status":"publish","type":"product","link":"https:\/\/tiendaluzy.biz\/index.php\/product\/exclusivos-aretes-3\/","title":{"rendered":"Exclusivos Aretes"},"content":{"rendered":"<p>&#x2714; Joyer\u00eda de cristal<br \/>\n&#x2714; Piedras ultra brillantes<br \/>\n&#x2714; Metal de aleaci\u00f3n de zinc dorado<br \/>\n&#x2714; Ideal para eventos especiales<br \/>\n&#x2714; Hermoso dise\u00f1o garantizado<br \/>\n&#x2714; Combina esta joya con una de nuestras<\/p>\n","protected":false},"excerpt":{"rendered":"<p>&#x2714; Joyer\u00eda de cristal &#x2714; Piedras ultra brillantes &#x2714; Metal de aleaci\u00f3n de zinc dorado &#x2714; Ideal para eventos especiales &#x2714; Hermoso dise\u00f1o garantizado &#x2714; Combina esta joya con una de nuestras<\/p>\n","protected":false},"featured_media":319,"template":"","meta":{"_joinchat":[]},"product_cat":[23],"product_tag":[],"class_list":{"0":"post-333","1":"product","2":"type-product","3":"status-publish","4":"has-post-thumbnail","6":"product_cat-collares-y-aretes","8":"first","9":"instock","10":"taxable","11":"shipping-taxable","12":"purchasable","13":"product-type-simple"},"yoast_head":"<!-- This site is optimized with the Yoast SEO plugin v22.7 - https:\/\/yoast.com\/wordpress\/plugins\/seo\/ -->\n<title>Exclusivos Aretes - Tienda Luzy<\/title>\n<meta name=\"robots\" content=\"index, follow, max-snippet:-1, max-image-preview:large, max-video-preview:-1\" \/>\n<link rel=\"canonical\" href=\"https:\/\/tiendaluzy.biz\/index.php\/product\/exclusivos-aretes-3\/\" \/>\n<meta property=\"og:locale\" content=\"es_ES\" \/>\n<meta property=\"og:type\" content=\"article\" \/>\n<meta property=\"og:title\" content=\"Exclusivos Aretes - Tienda Luzy\" \/>\n<meta property=\"og:description\" content=\"&#x2714; Joyer\u00eda de cristal &#x2714; Piedras ultra brillantes &#x2714; Metal de aleaci\u00f3n de zinc dorado &#x2714; Ideal para eventos especiales &#x2714; Hermoso dise\u00f1o garantizado &#x2714; Combina esta joya con una de nuestras\" \/>\n<meta property=\"og:url\" content=\"https:\/\/tiendaluzy.biz\/index.php\/product\/exclusivos-aretes-3\/\" \/>\n<meta property=\"og:site_name\" content=\"Tienda Luzy\" \/>\n<meta property=\"article:publisher\" content=\"https:\/\/www.facebook.com\/TiendaLuzy\" \/>\n<meta property=\"article:modified_time\" content=\"2024-02-03T19:07:13+00:00\" \/>\n<meta property=\"og:image\" content=\"https:\/\/tiendaluzy.biz\/wp-content\/uploads\/2024\/01\/AR0004.jpg\" \/>\n\t<meta property=\"og:image:width\" content=\"1200\" \/>\n\t<meta property=\"og:image:height\" content=\"1200\" \/>\n\t<meta property=\"og:image:type\" content=\"image\/jpeg\" \/>\n<meta name=\"twitter:card\" content=\"summary_large_image\" \/>\n<meta name=\"twitter:label1\" content=\"Tiempo de lectura\" \/>\n\t<meta name=\"twitter:data1\" content=\"1 minuto\" \/>\n<script type=\"application\/ld+json\" class=\"yoast-schema-graph\">{\"@context\":\"https:\/\/schema.org\",\"@graph\":[{\"@type\":\"WebPage\",\"@id\":\"https:\/\/tiendaluzy.biz\/index.php\/product\/exclusivos-aretes-3\/\",\"url\":\"https:\/\/tiendaluzy.biz\/index.php\/product\/exclusivos-aretes-3\/\",\"name\":\"Exclusivos Aretes - Tienda Luzy\",\"isPartOf\":{\"@id\":\"https:\/\/tiendaluzy.biz\/#website\"},\"primaryImageOfPage\":{\"@id\":\"https:\/\/tiendaluzy.biz\/index.php\/product\/exclusivos-aretes-3\/#primaryimage\"},\"image\":{\"@id\":\"https:\/\/tiendaluzy.biz\/index.php\/product\/exclusivos-aretes-3\/#primaryimage\"},\"thumbnailUrl\":\"https:\/\/tiendaluzy.biz\/wp-content\/uploads\/2024\/01\/AR0004.jpg\",\"datePublished\":\"2024-01-22T22:20:20+00:00\",\"dateModified\":\"2024-02-03T19:07:13+00:00\",\"breadcrumb\":{\"@id\":\"https:\/\/tiendaluzy.biz\/index.php\/product\/exclusivos-aretes-3\/#breadcrumb\"},\"inLanguage\":\"es\",\"potentialAction\":[{\"@type\":\"ReadAction\",\"target\":[\"https:\/\/tiendaluzy.biz\/index.php\/product\/exclusivos-aretes-3\/\"]}]},{\"@type\":\"ImageObject\",\"inLanguage\":\"es\",\"@id\":\"https:\/\/tiendaluzy.biz\/index.php\/product\/exclusivos-aretes-3\/#primaryimage\",\"url\":\"https:\/\/tiendaluzy.biz\/wp-content\/uploads\/2024\/01\/AR0004.jpg\",\"contentUrl\":\"https:\/\/tiendaluzy.biz\/wp-content\/uploads\/2024\/01\/AR0004.jpg\",\"width\":1200,\"height\":1200},{\"@type\":\"BreadcrumbList\",\"@id\":\"https:\/\/tiendaluzy.biz\/index.php\/product\/exclusivos-aretes-3\/#breadcrumb\",\"itemListElement\":[{\"@type\":\"ListItem\",\"position\":1,\"name\":\"Portada\",\"item\":\"https:\/\/tiendaluzy.biz\/\"},{\"@type\":\"ListItem\",\"position\":2,\"name\":\"Shop\",\"item\":\"https:\/\/tiendaluzy.biz\/index.php\/shop\/\"},{\"@type\":\"ListItem\",\"position\":3,\"name\":\"Exclusivos Aretes\"}]},{\"@type\":\"WebSite\",\"@id\":\"https:\/\/tiendaluzy.biz\/#website\",\"url\":\"https:\/\/tiendaluzy.biz\/\",\"name\":\"Tienda Luzy\",\"description\":\"Solo prendas de alta gama | Luce Diferente\",\"publisher\":{\"@id\":\"https:\/\/tiendaluzy.biz\/#organization\"},\"alternateName\":\"Tienda de Ropa\",\"potentialAction\":[{\"@type\":\"SearchAction\",\"target\":{\"@type\":\"EntryPoint\",\"urlTemplate\":\"https:\/\/tiendaluzy.biz\/?s={search_term_string}\"},\"query-input\":\"required name=search_term_string\"}],\"inLanguage\":\"es\"},{\"@type\":\"Organization\",\"@id\":\"https:\/\/tiendaluzy.biz\/#organization\",\"name\":\"Tienda Luzy\",\"url\":\"https:\/\/tiendaluzy.biz\/\",\"logo\":{\"@type\":\"ImageObject\",\"inLanguage\":\"es\",\"@id\":\"https:\/\/tiendaluzy.biz\/#\/schema\/logo\/image\/\",\"url\":\"https:\/\/tiendaluzy.biz\/wp-content\/uploads\/2025\/01\/LogoLuzy_Buscadores.jpg\",\"contentUrl\":\"https:\/\/tiendaluzy.biz\/wp-content\/uploads\/2025\/01\/LogoLuzy_Buscadores.jpg\",\"width\":1285,\"height\":1289,\"caption\":\"Tienda Luzy\"},\"image\":{\"@id\":\"https:\/\/tiendaluzy.biz\/#\/schema\/logo\/image\/\"},\"sameAs\":[\"https:\/\/www.facebook.com\/TiendaLuzy\",\"https:\/\/www.instagram.com\/tienda.luzy\/\"]}]}<\/script>\n<!-- \/ Yoast SEO plugin. -->","yoast_head_json":{"title":"Exclusivos Aretes - Tienda Luzy","robots":{"index":"index","follow":"follow","max-snippet":"max-snippet:-1","max-image-preview":"max-image-preview:large","max-video-preview":"max-video-preview:-1"},"canonical":"https:\/\/tiendaluzy.biz\/index.php\/product\/exclusivos-aretes-3\/","og_locale":"es_ES","og_type":"article","og_title":"Exclusivos Aretes - Tienda Luzy","og_description":"&#x2714; Joyer\u00eda de cristal &#x2714; Piedras ultra brillantes &#x2714; Metal de aleaci\u00f3n de zinc dorado &#x2714; Ideal para eventos especiales &#x2714; Hermoso dise\u00f1o garantizado &#x2714; Combina esta joya con una de nuestras","og_url":"https:\/\/tiendaluzy.biz\/index.php\/product\/exclusivos-aretes-3\/","og_site_name":"Tienda Luzy","article_publisher":"https:\/\/www.facebook.com\/TiendaLuzy","article_modified_time":"2024-02-03T19:07:13+00:00","og_image":[{"width":1200,"height":1200,"url":"https:\/\/tiendaluzy.biz\/wp-content\/uploads\/2024\/01\/AR0004.jpg","type":"image\/jpeg"}],"twitter_card":"summary_large_image","twitter_misc":{"Tiempo de lectura":"1 minuto"},"schema":{"@context":"https:\/\/schema.org","@graph":[{"@type":"WebPage","@id":"https:\/\/tiendaluzy.biz\/index.php\/product\/exclusivos-aretes-3\/","url":"https:\/\/tiendaluzy.biz\/index.php\/product\/exclusivos-aretes-3\/","name":"Exclusivos Aretes - Tienda Luzy","isPartOf":{"@id":"https:\/\/tiendaluzy.biz\/#website"},"primaryImageOfPage":{"@id":"https:\/\/tiendaluzy.biz\/index.php\/product\/exclusivos-aretes-3\/#primaryimage"},"image":{"@id":"https:\/\/tiendaluzy.biz\/index.php\/product\/exclusivos-aretes-3\/#primaryimage"},"thumbnailUrl":"https:\/\/tiendaluzy.biz\/wp-content\/uploads\/2024\/01\/AR0004.jpg","datePublished":"2024-01-22T22:20:20+00:00","dateModified":"2024-02-03T19:07:13+00:00","breadcrumb":{"@id":"https:\/\/tiendaluzy.biz\/index.php\/product\/exclusivos-aretes-3\/#breadcrumb"},"inLanguage":"es","potentialAction":[{"@type":"ReadAction","target":["https:\/\/tiendaluzy.biz\/index.php\/product\/exclusivos-aretes-3\/"]}]},{"@type":"ImageObject","inLanguage":"es","@id":"https:\/\/tiendaluzy.biz\/index.php\/product\/exclusivos-aretes-3\/#primaryimage","url":"https:\/\/tiendaluzy.biz\/wp-content\/uploads\/2024\/01\/AR0004.jpg","contentUrl":"https:\/\/tiendaluzy.biz\/wp-content\/uploads\/2024\/01\/AR0004.jpg","width":1200,"height":1200},{"@type":"BreadcrumbList","@id":"https:\/\/tiendaluzy.biz\/index.php\/product\/exclusivos-aretes-3\/#breadcrumb","itemListElement":[{"@type":"ListItem","position":1,"name":"Portada","item":"https:\/\/tiendaluzy.biz\/"},{"@type":"ListItem","position":2,"name":"Shop","item":"https:\/\/tiendaluzy.biz\/index.php\/shop\/"},{"@type":"ListItem","position":3,"name":"Exclusivos Aretes"}]},{"@type":"WebSite","@id":"https:\/\/tiendaluzy.biz\/#website","url":"https:\/\/tiendaluzy.biz\/","name":"Tienda Luzy","description":"Solo prendas de alta gama | Luce Diferente","publisher":{"@id":"https:\/\/tiendaluzy.biz\/#organization"},"alternateName":"Tienda de Ropa","potentialAction":[{"@type":"SearchAction","target":{"@type":"EntryPoint","urlTemplate":"https:\/\/tiendaluzy.biz\/?s={search_term_string}"},"query-input":"required name=search_term_string"}],"inLanguage":"es"},{"@type":"Organization","@id":"https:\/\/tiendaluzy.biz\/#organization","name":"Tienda Luzy","url":"https:\/\/tiendaluzy.biz\/","logo":{"@type":"ImageObject","inLanguage":"es","@id":"https:\/\/tiendaluzy.biz\/#\/schema\/logo\/image\/","url":"https:\/\/tiendaluzy.biz\/wp-content\/uploads\/2025\/01\/LogoLuzy_Buscadores.jpg","contentUrl":"https:\/\/tiendaluzy.biz\/wp-content\/uploads\/2025\/01\/LogoLuzy_Buscadores.jpg","width":1285,"height":1289,"caption":"Tienda Luzy"},"image":{"@id":"https:\/\/tiendaluzy.biz\/#\/schema\/logo\/image\/"},"sameAs":["https:\/\/www.facebook.com\/TiendaLuzy","https:\/\/www.instagram.com\/tienda.luzy\/"]}]}},"_links":{"self":[{"href":"https:\/\/tiendaluzy.biz\/index.php\/wp-json\/wp\/v2\/product\/333","targetHints":{"allow":["GET"]}}],"collection":[{"href":"https:\/\/tiendaluzy.biz\/index.php\/wp-json\/wp\/v2\/product"}],"about":[{"href":"https:\/\/tiendaluzy.biz\/index.php\/wp-json\/wp\/v2\/types\/product"}],"wp:featuredmedia":[{"embeddable":true,"href":"https:\/\/tiendaluzy.biz\/index.php\/wp-json\/wp\/v2\/media\/319"}],"wp:attachment":[{"href":"https:\/\/tiendaluzy.biz\/index.php\/wp-json\/wp\/v2\/media?parent=333"}],"wp:term":[{"taxonomy":"product_cat","embeddable":true,"href":"https:\/\/tiendaluzy.biz\/index.php\/wp-json\/wp\/v2\/product_cat?post=333"},{"taxonomy":"product_tag","embeddable":true,"href":"https:\/\/tiendaluzy.biz\/index.php\/wp-json\/wp\/v2\/product_tag?post=333"}],"curies":[{"name":"wp","href":"https:\/\/api.w.org\/{rel}","templated":true}]}}